{"id":365,"date":"2025-07-11T13:45:30","date_gmt":"2025-07-11T11:45:30","guid":{"rendered":"https:\/\/fhpe.holzheu-designs.de\/?page_id=365"},"modified":"2025-07-11T15:21:01","modified_gmt":"2025-07-11T13:21:01","slug":"investoren","status":"publish","type":"page","link":"https:\/\/fhpe.holzheu-designs.de\/?page_id=365","title":{"rendered":"Investoren"},"content":{"rendered":"\t\t<div data-elementor-type=\"wp-page\" data-elementor-id=\"365\" class=\"elementor elementor-365\" data-elementor-post-type=\"page\">\n\t\t\t\t<div class=\"elementor-element elementor-element-3122319f e-con-full e-flex e-con e-parent\" data-id=\"3122319f\" data-element_type=\"container\" data-settings=\"{&quot;background_background&quot;:&quot;classic&quot;}\">\n\t\t<div class=\"elementor-element elementor-element-5f9e4d76 e-flex e-con-boxed e-con e-child\" data-id=\"5f9e4d76\" data-element_type=\"container\">\n\t\t\t\t\t<div class=\"e-con-inner\">\n\t\t\t\t<div class=\"elementor-element elementor-element-49ed9db9 elementor-invisible elementor-widget elementor-widget-heading\" data-id=\"49ed9db9\" data-element_type=\"widget\" data-settings=\"{&quot;_animation&quot;:&quot;fadeIn&quot;}\" data-widget_type=\"heading.default\">\n\t\t\t\t<div class=\"elementor-widget-container\">\n\t\t\t\t\t<h1 class=\"elementor-heading-title elementor-size-default\">Wo andere aussteigen, fangen wir an.<\/h1>\t\t\t\t<\/div>\n\t\t\t\t<\/div>\n\t\t\t\t<div class=\"elementor-element elementor-element-57b1c412 elementor-widget-tablet__width-initial elementor-widget elementor-widget-text-editor\" data-id=\"57b1c412\" data-element_type=\"widget\" data-widget_type=\"text-editor.default\">\n\t\t\t\t<div class=\"elementor-widget-container\">\n\t\t\t\t\t\t\t\t\t<p>Der Private Equity-Markt zeichnet sich durch In-Transparenz und Komplexit\u00e4t aus. Hierbei handelt es sich um eine Nische f\u00fcr ausgewiesene, erfahrene Branchenexperten. FHP Private Equity Consultants f\u00fchrt seit seiner Gr\u00fcndung im Jahre 1995 Projekte f\u00fcr renommierte Institutionen aus den verschiedenen Bereichen durch. Wenn die Aufgabenstellungen dabei durchaus variieren, ist allen Projekten ein wesentliches Merkmal gemein: Der enge Bezug zum Private Equity-Gesch\u00e4ft.<\/p>\t\t\t\t\t\t\t\t<\/div>\n\t\t\t\t<\/div>\n\t\t\t\t\t<\/div>\n\t\t\t\t<\/div>\n\t\t\t\t<div class=\"elementor-element elementor-element-3c925608 elementor-widget__width-initial elementor-absolute elementor-widget-mobile__width-inherit elementor-invisible elementor-widget elementor-widget-image\" data-id=\"3c925608\" data-element_type=\"widget\" data-settings=\"{&quot;_position&quot;:&quot;absolute&quot;,&quot;_animation&quot;:&quot;slideInLeft&quot;}\" data-widget_type=\"image.default\">\n\t\t\t\t<div class=\"elementor-widget-container\">\n\t\t\t\t\t\t\t\t\t\t\t\t\t\t\t<img fetchpriority=\"high\" decoding=\"async\" width=\"800\" height=\"537\" src=\"https:\/\/fhpe.holzheu-designs.de\/wp-content\/uploads\/2025\/06\/social-media-hero.jpg\" class=\"attachment-large size-large wp-image-233\" alt=\"\" srcset=\"https:\/\/fhpe.holzheu-designs.de\/wp-content\/uploads\/2025\/06\/social-media-hero.jpg 960w, https:\/\/fhpe.holzheu-designs.de\/wp-content\/uploads\/2025\/06\/social-media-hero-300x201.jpg 300w, https:\/\/fhpe.holzheu-designs.de\/wp-content\/uploads\/2025\/06\/social-media-hero-768x515.jpg 768w\" sizes=\"(max-width: 800px) 100vw, 800px\" \/>\t\t\t\t\t\t\t\t\t\t\t\t\t\t\t<\/div>\n\t\t\t\t<\/div>\n\t\t\t\t<div class=\"elementor-element elementor-element-2b828250 elementor-fixed animated-slow elementor-hidden-mobile elementor-view-default elementor-invisible elementor-widget elementor-widget-icon\" data-id=\"2b828250\" data-element_type=\"widget\" data-settings=\"{&quot;_position&quot;:&quot;fixed&quot;,&quot;_animation&quot;:&quot;fadeIn&quot;,&quot;_animation_delay&quot;:1800}\" data-widget_type=\"icon.default\">\n\t\t\t\t<div class=\"elementor-widget-container\">\n\t\t\t\t\t\t\t<div class=\"elementor-icon-wrapper\">\n\t\t\t<a class=\"elementor-icon elementor-animation-grow\" href=\"#elementor-action%3Aaction%3Dpopup%3Aopen%26settings%3DeyJpZCI6MTk2LCJ0b2dnbGUiOmZhbHNlfQ%3D%3D\">\n\t\t\t<svg xmlns=\"http:\/\/www.w3.org\/2000\/svg\" viewBox=\"0 0 70 70\"><path fill-rule=\"evenodd\" clip-rule=\"evenodd\" d=\"M27.862 29.5h14.786c.752 0 1.362.61 1.362 1.362v.361l-8.909 3.62-8.601-3.494v-.487c0-.752.61-1.362 1.362-1.362ZM26.5 32.968v7.17c0 .752.61 1.362 1.362 1.362h14.786c.752 0 1.362-.61 1.362-1.362v-7.296l-8.627 3.505-.282.115-.282-.115-8.319-3.38ZM25 30.862A2.862 2.862 0 0 1 27.862 28h14.786a2.862 2.862 0 0 1 2.862 2.862v9.276A2.862 2.862 0 0 1 42.648 43H27.862A2.862 2.862 0 0 1 25 40.138v-9.276Z\"><\/path><\/svg>\t\t\t<\/a>\n\t\t<\/div>\n\t\t\t\t\t\t<\/div>\n\t\t\t\t<\/div>\n\t\t\t\t<\/div>\n\t\t<div class=\"elementor-element elementor-element-5f90a54 e-flex e-con-boxed e-con e-parent\" data-id=\"5f90a54\" data-element_type=\"container\">\n\t\t\t\t\t<div class=\"e-con-inner\">\n\t\t<div class=\"elementor-element elementor-element-4fd89ce3 e-con-full e-flex e-con e-child\" data-id=\"4fd89ce3\" data-element_type=\"container\">\n\t\t\t\t<div class=\"elementor-element elementor-element-26d7702f elementor-widget__width-inherit elementor-widget-tablet__width-initial elementor-widget-mobile__width-inherit elementor-widget elementor-widget-heading\" data-id=\"26d7702f\" data-element_type=\"widget\" data-widget_type=\"heading.default\">\n\t\t\t\t<div class=\"elementor-widget-container\">\n\t\t\t\t\t<h2 class=\"elementor-heading-title elementor-size-default\">Private Equity \u2013 spezialisiert, erfahren, unabh\u00e4ngig\n\n<\/h2>\t\t\t\t<\/div>\n\t\t\t\t<\/div>\n\t\t<div class=\"elementor-element elementor-element-5b300607 e-con-full e-flex e-con e-child\" data-id=\"5b300607\" data-element_type=\"container\">\n\t\t\t\t<div class=\"elementor-element elementor-element-615b24aa elementor-widget elementor-widget-text-editor\" data-id=\"615b24aa\" data-element_type=\"widget\" data-widget_type=\"text-editor.default\">\n\t\t\t\t<div class=\"elementor-widget-container\">\n\t\t\t\t\t\t\t\t\t<p>Der Private Equity-Markt zeichnet sich durch In-Transparenz und Komplexit\u00e4t aus. Hierbei handelt es sich um eine Nische f\u00fcr ausgewiesene, erfahrene Branchenexperten.\u00a0<\/p>\t\t\t\t\t\t\t\t<\/div>\n\t\t\t\t<\/div>\n\t\t\t\t<\/div>\n\t\t<div class=\"elementor-element elementor-element-2d19aecc e-con-full e-flex e-con e-child\" data-id=\"2d19aecc\" data-element_type=\"container\">\n\t\t\t\t<div class=\"elementor-element elementor-element-79028ff6 elementor-widget elementor-widget-text-editor\" data-id=\"79028ff6\" data-element_type=\"widget\" data-widget_type=\"text-editor.default\">\n\t\t\t\t<div class=\"elementor-widget-container\">\n\t\t\t\t\t\t\t\t\t<p>FHP Private Equity Consultants f\u00fchrt seit seiner Gr\u00fcndung im Jahre 1995 Projekte f\u00fcr renommierte Institutionen aus den verschiedenen Bereichen durch. Wenn die Aufgabenstellungen dabei durchaus variieren, ist allen Projekten ein wesentliches Merkmal gemein: Der enge Bezug zum Private Equity-Gesch\u00e4ft.<\/p>\t\t\t\t\t\t\t\t<\/div>\n\t\t\t\t<\/div>\n\t\t\t\t<\/div>\n\t\t\t\t<\/div>\n\t\t<div class=\"elementor-element elementor-element-721404b7 e-con-full e-flex e-con e-child\" data-id=\"721404b7\" data-element_type=\"container\" data-settings=\"{&quot;background_background&quot;:&quot;classic&quot;,&quot;motion_fx_motion_fx_scrolling&quot;:&quot;yes&quot;,&quot;motion_fx_translateY_effect&quot;:&quot;yes&quot;,&quot;motion_fx_translateY_direction&quot;:&quot;negative&quot;,&quot;motion_fx_translateY_speed&quot;:{&quot;unit&quot;:&quot;px&quot;,&quot;size&quot;:1,&quot;sizes&quot;:[]},&quot;motion_fx_translateY_affectedRange&quot;:{&quot;unit&quot;:&quot;%&quot;,&quot;size&quot;:&quot;&quot;,&quot;sizes&quot;:{&quot;start&quot;:0,&quot;end&quot;:100}},&quot;motion_fx_devices&quot;:[&quot;desktop&quot;,&quot;tablet&quot;,&quot;mobile&quot;]}\">\n\t\t\t\t<\/div>\n\t\t\t\t\t<\/div>\n\t\t\t\t<\/div>\n\t\t<div class=\"elementor-element elementor-element-528c7a9d e-flex e-con-boxed e-con e-parent\" data-id=\"528c7a9d\" data-element_type=\"container\" data-settings=\"{&quot;background_background&quot;:&quot;classic&quot;}\">\n\t\t\t\t\t<div class=\"e-con-inner\">\n\t\t<div class=\"elementor-element elementor-element-12483fb0 e-con-full e-flex e-con e-child\" data-id=\"12483fb0\" data-element_type=\"container\" data-settings=\"{&quot;background_background&quot;:&quot;classic&quot;}\">\n\t\t\t\t<\/div>\n\t\t<div class=\"elementor-element elementor-element-3d9491e5 e-con-full e-flex e-con e-child\" data-id=\"3d9491e5\" data-element_type=\"container\" data-settings=\"{&quot;motion_fx_motion_fx_scrolling&quot;:&quot;yes&quot;,&quot;motion_fx_translateY_effect&quot;:&quot;yes&quot;,&quot;motion_fx_translateY_direction&quot;:&quot;negative&quot;,&quot;motion_fx_translateY_speed&quot;:{&quot;unit&quot;:&quot;px&quot;,&quot;size&quot;:1,&quot;sizes&quot;:[]},&quot;motion_fx_translateY_affectedRange&quot;:{&quot;unit&quot;:&quot;%&quot;,&quot;size&quot;:&quot;&quot;,&quot;sizes&quot;:{&quot;start&quot;:0,&quot;end&quot;:100}},&quot;motion_fx_devices&quot;:[&quot;desktop&quot;,&quot;tablet&quot;,&quot;mobile&quot;]}\">\n\t\t\t\t<div class=\"elementor-element elementor-element-3cf4754e elementor-invisible elementor-widget elementor-widget-heading\" data-id=\"3cf4754e\" data-element_type=\"widget\" data-settings=\"{&quot;_animation&quot;:&quot;fadeIn&quot;}\" data-widget_type=\"heading.default\">\n\t\t\t\t<div class=\"elementor-widget-container\">\n\t\t\t\t\t<h2 class=\"elementor-heading-title elementor-size-default\">Institutionelle Investoren\n\n\n<\/h2>\t\t\t\t<\/div>\n\t\t\t\t<\/div>\n\t\t\t\t<div class=\"elementor-element elementor-element-b79582a elementor-invisible elementor-widget elementor-widget-text-editor\" data-id=\"b79582a\" data-element_type=\"widget\" data-settings=\"{&quot;_animation&quot;:&quot;fadeIn&quot;,&quot;_animation_delay&quot;:200}\" data-widget_type=\"text-editor.default\">\n\t\t\t\t<div class=\"elementor-widget-container\">\n\t\t\t\t\t\t\t\t\t<ul><li><p>Pensionskassen, Versicherungen, Stiftungen und Family Offices sind mehr denn je darum bem\u00fcht, ihr Kapital durch die Anlage in renditetr\u00e4chtige Anlageformen zu vermehren. Auf traditionelle Anlageformen oder Assetklassen wie Aktien, Anleihen und Geldmarktprodukte entfallen dabei die mit Abstand gr\u00f6\u00dften Summen. Inzwischen r\u00fccken alternative Anlagen wie Private Equity mehr und mehr in den Vordergrund.<\/p><p>Um den verschiedenen Investoren eine Vorstellung von der Ausfallwahrscheinlichkeit und den Ertragschancen des eingesetzten Kapitals zu geben, haben wir ein auf die Besonderheiten der Branche zugeschnittenes\u00a0<strong><a class=\"green\" href=\"http:\/\/www.fhpe.de\/investoren\/FHP_Flyer_Rating%20internet.pdf\">Private Equity Fonds-Ratingverfahren<\/a><\/strong>\u00a0entwickelt.<\/p><p>Als vollkommen unabh\u00e4ngige Spezialisten helfen wir institutionellen Anlegern bei der\u00a0<strong>Entwicklung und Umsetzung ihrer Investitionsstrategie (Asset Allocation), der Auswahl\/Due Diligence von Zielfonds (Manager Selection bzw. komplette Manager Search-Prozesse) sowie der nachfolgenden Betreuung des Portfolios (Monitoring).<\/strong><\/p><p>Fleischhauer, Hoyer &amp; Partner f\u00fchrt auch Portfoliobetrachtungen einzelner Fonds durch. Am Anfang des Prozesses einer strategischen Portfoliobetrachtung steht bei uns die Festlegung einer systematischen Vorgehensweise f\u00fcr die Analyse, Konzeption und Beurteilung der einzelnen Portfoliounternehmen. Schritt f\u00fcr Schritt wird \u00fcber das wichtige Reporting an die Investoren hinaus ein strategischer Gesamt\u00fcberblick \u00fcber das Portfolio einzelner Fonds geschaffen.<\/p><\/li><\/ul>\t\t\t\t\t\t\t\t<\/div>\n\t\t\t\t<\/div>\n\t\t\t\t<\/div>\n\t\t\t\t\t<\/div>\n\t\t\t\t<\/div>\n\t\t<div class=\"elementor-element elementor-element-117a6926 e-con-full e-flex e-con e-parent\" data-id=\"117a6926\" data-element_type=\"container\" data-settings=\"{&quot;background_background&quot;:&quot;classic&quot;}\">\n\t\t<div class=\"elementor-element elementor-element-2dfe1617 e-con-full e-flex e-con e-child\" data-id=\"2dfe1617\" data-element_type=\"container\">\n\t\t\t\t<div class=\"elementor-element elementor-element-1f92e9fc elementor-invisible elementor-widget elementor-widget-heading\" data-id=\"1f92e9fc\" data-element_type=\"widget\" data-settings=\"{&quot;_animation&quot;:&quot;fadeIn&quot;}\" data-widget_type=\"heading.default\">\n\t\t\t\t<div class=\"elementor-widget-container\">\n\t\t\t\t\t<h2 class=\"elementor-heading-title elementor-size-default\">Banken und Sparkassen\n\n\n\n<\/h2>\t\t\t\t<\/div>\n\t\t\t\t<\/div>\n\t\t\t\t<div class=\"elementor-element elementor-element-5c906127 elementor-invisible elementor-widget elementor-widget-text-editor\" data-id=\"5c906127\" data-element_type=\"widget\" data-settings=\"{&quot;_animation&quot;:&quot;fadeIn&quot;,&quot;_animation_delay&quot;:300}\" data-widget_type=\"text-editor.default\">\n\t\t\t\t<div class=\"elementor-widget-container\">\n\t\t\t\t\t\t\t\t\t<p>Obwohl sich Eigen- und Fremdkapitalgeber im Hinblick auf Risikoorientierung und Finanzierungsw\u00fcrdigkeitspr\u00fcfung ma\u00dfgeblich unterscheiden, stehen Sie bei der Beurteilung innovativer Unternehmen vor den gleichen Problemen: Sie m\u00fcssen eine Idee, ein Produkt oder ein neues Verfahren auf k\u00fcnftige Erfolgsaussichten hin beurteilen. Banken und Sparkassen verf\u00fcgen \u00fcber ein klassisches Kreditwissen und Finanzexperten im Corporate Finance, seltener jedoch \u00fcber interdisziplin\u00e4re Ressourcen. Insofern sind Finanzierungsentscheidungen hinsichtlich einer umfassenden Beurteilung der betreffenden Unternehmen schwierig.<\/p><p class=\"head2\">Markt- und Technologie-Gutachten<\/p><p>Mit unseren Markt- und Technologie-Gutachten f\u00fcr Banken und Sparkassen nehmen wir klar zu Machbarkeit, Entwicklungsrisiken und Vermarktungschancen Stellung und schaffen damit eine breitere Basis f\u00fcr Ihre Beurteilung von Finanzierungsentscheidungen.<\/p><p class=\"head2\">Begleitung und Strukturierung von Eigenkapital-Finanzierungen<\/p><p>Nicht selten arbeiten wir auf die Initiative von Firmenkundenbetreuern und Bankvorst\u00e4nden hin an der Schaffung von Alternativen zur klassischen Fremdkapitalfinanzierung. So begleiten wir Firmenkunden der Banken und Sparkassen bei der\u00a0<strong>Bildung von Partnerschaften mit Kapitalbeteilungsgesellschaften.<\/strong><\/p>\t\t\t\t\t\t\t\t<\/div>\n\t\t\t\t<\/div>\n\t\t\t\t<\/div>\n\t\t<div class=\"elementor-element elementor-element-738558ce e-con-full e-flex e-con e-child\" data-id=\"738558ce\" data-element_type=\"container\" data-settings=\"{&quot;background_background&quot;:&quot;classic&quot;}\">\n\t\t\t\t<\/div>\n\t\t\t\t<\/div>\n\t\t\t\t<\/div>\n\t\t","protected":false},"excerpt":{"rendered":"<p>Wo andere aussteigen, fangen wir an. Der Private Equity-Markt zeichnet sich durch In-Transparenz und Komplexit\u00e4t aus. Hierbei handelt es sich um eine Nische f\u00fcr ausgewiesene, erfahrene Branchenexperten. FHP Private Equity Consultants f\u00fchrt seit seiner Gr\u00fcndung im Jahre 1995 Projekte f\u00fcr renommierte Institutionen aus den verschiedenen Bereichen durch. Wenn die Aufgabenstellungen dabei durchaus variieren, ist allen [&hellip;]<\/p>\n","protected":false},"author":1,"featured_media":0,"parent":0,"menu_order":0,"comment_status":"closed","ping_status":"closed","template":"elementor_header_footer","meta":{"footnotes":""},"class_list":["post-365","page","type-page","status-publish","hentry"],"_links":{"self":[{"href":"https:\/\/fhpe.holzheu-designs.de\/index.php?rest_route=\/wp\/v2\/pages\/365","targetHints":{"allow":["GET"]}}],"collection":[{"href":"https:\/\/fhpe.holzheu-designs.de\/index.php?rest_route=\/wp\/v2\/pages"}],"about":[{"href":"https:\/\/fhpe.holzheu-designs.de\/index.php?rest_route=\/wp\/v2\/types\/page"}],"author":[{"embeddable":true,"href":"https:\/\/fhpe.holzheu-designs.de\/index.php?rest_route=\/wp\/v2\/users\/1"}],"replies":[{"embeddable":true,"href":"https:\/\/fhpe.holzheu-designs.de\/index.php?rest_route=%2Fwp%2Fv2%2Fcomments&post=365"}],"version-history":[{"count":9,"href":"https:\/\/fhpe.holzheu-designs.de\/index.php?rest_route=\/wp\/v2\/pages\/365\/revisions"}],"predecessor-version":[{"id":409,"href":"https:\/\/fhpe.holzheu-designs.de\/index.php?rest_route=\/wp\/v2\/pages\/365\/revisions\/409"}],"wp:attachment":[{"href":"https:\/\/fhpe.holzheu-designs.de\/index.php?rest_route=%2Fwp%2Fv2%2Fmedia&parent=365"}],"curies":[{"name":"wp","href":"https:\/\/api.w.org\/{rel}","templated":true}]}}